{"id":788,"date":"2024-04-24T08:12:18","date_gmt":"2024-04-24T06:12:18","guid":{"rendered":"https:\/\/staging.meetmeat.be\/private-room\/"},"modified":"2024-05-14T00:14:31","modified_gmt":"2024-05-13T22:14:31","slug":"salon-prive","status":"publish","type":"page","link":"https:\/\/staging.meetmeat.be\/fr\/salon-prive\/","title":{"rendered":"Salon priv\u00e9 &#8211; Diner priv\u00e9"},"content":{"rendered":"\t\t<div data-elementor-type=\"wp-page\" data-elementor-id=\"788\" class=\"elementor elementor-788 elementor-355\" data-elementor-settings=\"{&quot;ha_cmc_init_switcher&quot;:&quot;no&quot;}\" data-elementor-post-type=\"page\">\n\t\t\t\t\t\t<section class=\"elementor-section elementor-top-section elementor-element elementor-element-2496211 elementor-section-full_width elementor-section-height-default elementor-section-height-default\" data-id=\"2496211\" data-element_type=\"section\" data-e-type=\"section\" data-settings=\"{&quot;background_background&quot;:&quot;classic&quot;,&quot;_ha_eqh_enable&quot;:false}\">\n\t\t\t\t\t\t\t<div class=\"elementor-background-overlay\"><\/div>\n\t\t\t\t\t\t\t<div class=\"elementor-container elementor-column-gap-default\">\n\t\t\t\t\t<div class=\"elementor-column elementor-col-100 elementor-top-column elementor-element elementor-element-3c6ff8b0\" data-id=\"3c6ff8b0\" data-element_type=\"column\" data-e-type=\"column\">\n\t\t\t<div class=\"elementor-widget-wrap elementor-element-populated\">\n\t\t\t\t\t\t<div class=\"elementor-element elementor-element-791a467 home-title elementor-widget elementor-widget-heading\" data-id=\"791a467\" data-element_type=\"widget\" data-e-type=\"widget\" data-widget_type=\"heading.default\">\n\t\t\t\t<div class=\"elementor-widget-container\">\n\t\t\t\t\t<h6 class=\"elementor-heading-title elementor-size-default\">R\u00e9unions ou Banquets<\/h6>\t\t\t\t<\/div>\n\t\t\t\t<\/div>\n\t\t\t\t<div class=\"elementor-element elementor-element-40dd13ad elementor-widget elementor-widget-heading\" data-id=\"40dd13ad\" data-element_type=\"widget\" data-e-type=\"widget\" data-widget_type=\"heading.default\">\n\t\t\t\t<div class=\"elementor-widget-container\">\n\t\t\t\t\t<h1 class=\"elementor-heading-title elementor-size-default\">Salon priv\u00e9<\/h1>\t\t\t\t<\/div>\n\t\t\t\t<\/div>\n\t\t\t\t\t<\/div>\n\t\t<\/div>\n\t\t\t\t\t<\/div>\n\t\t<\/section>\n\t\t\t\t<section class=\"elementor-section elementor-top-section elementor-element elementor-element-7fd2357f elementor-section-boxed elementor-section-height-default elementor-section-height-default\" data-id=\"7fd2357f\" data-element_type=\"section\" data-e-type=\"section\" data-settings=\"{&quot;_ha_eqh_enable&quot;:false}\">\n\t\t\t\t\t\t<div class=\"elementor-container elementor-column-gap-default\">\n\t\t\t\t\t<div class=\"elementor-column elementor-col-33 elementor-top-column elementor-element elementor-element-658e6dd2\" data-id=\"658e6dd2\" data-element_type=\"column\" data-e-type=\"column\">\n\t\t\t<div class=\"elementor-widget-wrap elementor-element-populated\">\n\t\t\t\t\t\t<div class=\"elementor-element elementor-element-51c9f7f3 elementor-widget elementor-widget-image\" data-id=\"51c9f7f3\" data-element_type=\"widget\" data-e-type=\"widget\" data-widget_type=\"image.default\">\n\t\t\t\t<div class=\"elementor-widget-container\">\n\t\t\t\t\t\t\t\t\t\t\t\t\t\t\t<img decoding=\"async\" src=\"https:\/\/staging.meetmeat.be\/wp-content\/uploads\/elementor\/thumbs\/mm_240424-11-qn6u2v89u3d2oycu8asacunqic3mulwpxmaoumyao8.jpg\" title=\"mm_240424-11\" alt=\"mm_240424-11\" loading=\"lazy\" \/>\t\t\t\t\t\t\t\t\t\t\t\t\t\t\t<\/div>\n\t\t\t\t<\/div>\n\t\t\t\t\t<\/div>\n\t\t<\/div>\n\t\t\t\t<div class=\"elementor-column elementor-col-33 elementor-top-column elementor-element elementor-element-229a7269\" data-id=\"229a7269\" data-element_type=\"column\" data-e-type=\"column\">\n\t\t\t<div class=\"elementor-widget-wrap elementor-element-populated\">\n\t\t\t\t\t\t<div class=\"elementor-element elementor-element-221288d8 elementor-widget elementor-widget-image\" data-id=\"221288d8\" data-element_type=\"widget\" data-e-type=\"widget\" data-widget_type=\"image.default\">\n\t\t\t\t<div class=\"elementor-widget-container\">\n\t\t\t\t\t\t\t\t\t\t\t\t\t\t\t<img decoding=\"async\" src=\"https:\/\/staging.meetmeat.be\/wp-content\/uploads\/elementor\/thumbs\/mm_240424-58-qn6ttypb3l6apxaf7y8i8ljjxxzgxtk91ju47a5jm0.jpg\" title=\"mm_240424-58\" alt=\"mm_240424-58\" loading=\"lazy\" \/>\t\t\t\t\t\t\t\t\t\t\t\t\t\t\t<\/div>\n\t\t\t\t<\/div>\n\t\t\t\t\t<\/div>\n\t\t<\/div>\n\t\t\t\t<div class=\"elementor-column elementor-col-33 elementor-top-column elementor-element elementor-element-1d0b7380\" data-id=\"1d0b7380\" data-element_type=\"column\" data-e-type=\"column\">\n\t\t\t<div class=\"elementor-widget-wrap elementor-element-populated\">\n\t\t\t\t\t\t<div class=\"elementor-element elementor-element-3beb2821 elementor-widget elementor-widget-heading\" data-id=\"3beb2821\" data-element_type=\"widget\" data-e-type=\"widget\" data-widget_type=\"heading.default\">\n\t\t\t\t<div class=\"elementor-widget-container\">\n\t\t\t\t\t<h6 class=\"elementor-heading-title elementor-size-default\">Steak House<\/h6>\t\t\t\t<\/div>\n\t\t\t\t<\/div>\n\t\t\t\t<div class=\"elementor-element elementor-element-14462a6e elementor-widget elementor-widget-heading\" data-id=\"14462a6e\" data-element_type=\"widget\" data-e-type=\"widget\" data-widget_type=\"heading.default\">\n\t\t\t\t<div class=\"elementor-widget-container\">\n\t\t\t\t\t<h2 class=\"elementor-heading-title elementor-size-default\">2 Salons priv\u00e9s<\/h2>\t\t\t\t<\/div>\n\t\t\t\t<\/div>\n\t\t\t\t<div class=\"elementor-element elementor-element-4689bc27 elementor-widget elementor-widget-text-editor\" data-id=\"4689bc27\" data-element_type=\"widget\" data-e-type=\"widget\" data-widget_type=\"text-editor.default\">\n\t\t\t\t<div class=\"elementor-widget-container\">\n\t\t\t\t\t\t\t\t\t<p>Si vous souhaitez organiser un \u00e9v\u00e9nement \u00e0 Meet Meat, nous nous occuperons de vous !<\/p>\t\t\t\t\t\t\t\t<\/div>\n\t\t\t\t<\/div>\n\t\t\t\t<div class=\"elementor-element elementor-element-256cfbc elementor-widget__width-auto elementor-mobile-align-justify elementor-widget-mobile__width-inherit elementor-widget elementor-widget-button\" data-id=\"256cfbc\" data-element_type=\"widget\" data-e-type=\"widget\" data-widget_type=\"button.default\">\n\t\t\t\t<div class=\"elementor-widget-container\">\n\t\t\t\t\t\t\t\t\t<div class=\"elementor-button-wrapper\">\n\t\t\t\t\t<a class=\"elementor-button elementor-button-link elementor-size-sm\" href=\"\/fr\/contact\/\">\n\t\t\t\t\t\t<span class=\"elementor-button-content-wrapper\">\n\t\t\t\t\t\t\t\t\t<span class=\"elementor-button-text\">R\u00e9servez le salon priv\u00e9<\/span>\n\t\t\t\t\t<\/span>\n\t\t\t\t\t<\/a>\n\t\t\t\t<\/div>\n\t\t\t\t\t\t\t\t<\/div>\n\t\t\t\t<\/div>\n\t\t\t\t\t<\/div>\n\t\t<\/div>\n\t\t\t\t\t<\/div>\n\t\t<\/section>\n\t\t\t\t<section class=\"elementor-section elementor-top-section elementor-element elementor-element-52da8c2 elementor-section-boxed elementor-section-height-default elementor-section-height-default\" data-id=\"52da8c2\" data-element_type=\"section\" data-e-type=\"section\" data-settings=\"{&quot;_ha_eqh_enable&quot;:false}\">\n\t\t\t\t\t\t<div class=\"elementor-container elementor-column-gap-default\">\n\t\t\t\t\t<div class=\"elementor-column elementor-col-50 elementor-top-column elementor-element elementor-element-c48bd35\" data-id=\"c48bd35\" data-element_type=\"column\" data-e-type=\"column\">\n\t\t\t<div class=\"elementor-widget-wrap elementor-element-populated\">\n\t\t\t\t\t\t<div class=\"elementor-element elementor-element-a495326 elementor-widget elementor-widget-heading\" data-id=\"a495326\" data-element_type=\"widget\" data-e-type=\"widget\" data-widget_type=\"heading.default\">\n\t\t\t\t<div class=\"elementor-widget-container\">\n\t\t\t\t\t<h6 class=\"elementor-heading-title elementor-size-default\">Votre occasion sp\u00e9ciale<\/h6>\t\t\t\t<\/div>\n\t\t\t\t<\/div>\n\t\t\t\t<div class=\"elementor-element elementor-element-26d52a8 elementor-widget elementor-widget-heading\" data-id=\"26d52a8\" data-element_type=\"widget\" data-e-type=\"widget\" data-widget_type=\"heading.default\">\n\t\t\t\t<div class=\"elementor-widget-container\">\n\t\t\t\t\t<h2 class=\"elementor-heading-title elementor-size-default\">\u00c9v\u00e9nements sur mesure<\/h2>\t\t\t\t<\/div>\n\t\t\t\t<\/div>\n\t\t\t\t<div class=\"elementor-element elementor-element-3271116 elementor-widget elementor-widget-text-editor\" data-id=\"3271116\" data-element_type=\"widget\" data-e-type=\"widget\" data-widget_type=\"text-editor.default\">\n\t\t\t\t<div class=\"elementor-widget-container\">\n\t\t\t\t\t\t\t\t\t<p>Vous envisagez d&rsquo;organiser un \u00e9v\u00e9nement chez Meet Meat ? Nous sommes l\u00e0 pour vous accompagner dans la planification et la r\u00e9alisation de votre r\u00e9union, soir\u00e9e ou f\u00eate. Nos diff\u00e9rentes formules sont con\u00e7ues pour r\u00e9pondre \u00e0 toutes vos attentes, que vous souhaitiez un d\u00eener intime ou une grande r\u00e9ception. Nous pouvons accueillir <strong>jusqu&rsquo;\u00e0 70 personnes<\/strong> avec un confort exceptionnel, offrant des menus personnalis\u00e9s qui sauront satisfaire tous les palais. De la s\u00e9lection des plats \u00e0 l&rsquo;am\u00e9nagement de l&rsquo;espace, notre \u00e9quipe d\u00e9vou\u00e9e s&rsquo;assure que chaque d\u00e9tail contribue \u00e0 l&rsquo;exclusivit\u00e9 de votre \u00e9v\u00e9nement.<\/p>\t\t\t\t\t\t\t\t<\/div>\n\t\t\t\t<\/div>\n\t\t\t\t\t<\/div>\n\t\t<\/div>\n\t\t\t\t<div class=\"elementor-column elementor-col-50 elementor-top-column elementor-element elementor-element-919163b\" data-id=\"919163b\" data-element_type=\"column\" data-e-type=\"column\">\n\t\t\t<div class=\"elementor-widget-wrap elementor-element-populated\">\n\t\t\t\t\t\t<div class=\"elementor-element elementor-element-6a53713 elementor-widget elementor-widget-image\" data-id=\"6a53713\" data-element_type=\"widget\" data-e-type=\"widget\" data-widget_type=\"image.default\">\n\t\t\t\t<div class=\"elementor-widget-container\">\n\t\t\t\t\t\t\t\t\t\t\t\t\t\t\t<img decoding=\"async\" src=\"https:\/\/staging.meetmeat.be\/wp-content\/uploads\/elementor\/thumbs\/mm_240424-57-qn6ttxrgwr50ebbsdftvo3s3ck43q4gipf6mq06xs8.jpg\" title=\"mm_240424-57\" alt=\"mm_240424-57\" loading=\"lazy\" \/>\t\t\t\t\t\t\t\t\t\t\t\t\t\t\t<\/div>\n\t\t\t\t<\/div>\n\t\t\t\t\t<\/div>\n\t\t<\/div>\n\t\t\t\t\t<\/div>\n\t\t<\/section>\n\t\t\t\t<section class=\"elementor-section elementor-top-section elementor-element elementor-element-63cd1e7 elementor-section-boxed elementor-section-height-default elementor-section-height-default\" data-id=\"63cd1e7\" data-element_type=\"section\" data-e-type=\"section\" data-settings=\"{&quot;_ha_eqh_enable&quot;:false}\">\n\t\t\t\t\t\t<div class=\"elementor-container elementor-column-gap-default\">\n\t\t\t\t\t<div class=\"elementor-column elementor-col-50 elementor-top-column elementor-element elementor-element-dbf1269\" data-id=\"dbf1269\" data-element_type=\"column\" data-e-type=\"column\">\n\t\t\t<div class=\"elementor-widget-wrap elementor-element-populated\">\n\t\t\t\t\t\t<div class=\"elementor-element elementor-element-4048636 elementor-widget elementor-widget-image\" data-id=\"4048636\" data-element_type=\"widget\" data-e-type=\"widget\" data-widget_type=\"image.default\">\n\t\t\t\t<div class=\"elementor-widget-container\">\n\t\t\t\t\t\t\t\t\t\t\t\t\t\t\t<img decoding=\"async\" src=\"https:\/\/staging.meetmeat.be\/wp-content\/uploads\/elementor\/thumbs\/mm_240424-51-qn6ty37t3etlobap4qfk6k2dstngpzxu9ywu101caw.jpg\" title=\"mm_240424-51\" alt=\"mm_240424-51\" loading=\"lazy\" \/>\t\t\t\t\t\t\t\t\t\t\t\t\t\t\t<\/div>\n\t\t\t\t<\/div>\n\t\t\t\t\t<\/div>\n\t\t<\/div>\n\t\t\t\t<div class=\"elementor-column elementor-col-50 elementor-top-column elementor-element elementor-element-780dc32\" data-id=\"780dc32\" data-element_type=\"column\" data-e-type=\"column\">\n\t\t\t<div class=\"elementor-widget-wrap elementor-element-populated\">\n\t\t\t\t\t\t<div class=\"elementor-element elementor-element-798c38c elementor-widget elementor-widget-heading\" data-id=\"798c38c\" data-element_type=\"widget\" data-e-type=\"widget\" data-widget_type=\"heading.default\">\n\t\t\t\t<div class=\"elementor-widget-container\">\n\t\t\t\t\t<h6 class=\"elementor-heading-title elementor-size-default\">Intimit\u00e9 garantie<\/h6>\t\t\t\t<\/div>\n\t\t\t\t<\/div>\n\t\t\t\t<div class=\"elementor-element elementor-element-bad65d7 elementor-widget elementor-widget-heading\" data-id=\"bad65d7\" data-element_type=\"widget\" data-e-type=\"widget\" data-widget_type=\"heading.default\">\n\t\t\t\t<div class=\"elementor-widget-container\">\n\t\t\t\t\t<h2 class=\"elementor-heading-title elementor-size-default\">Espaces exclusifs<\/h2>\t\t\t\t<\/div>\n\t\t\t\t<\/div>\n\t\t\t\t<div class=\"elementor-element elementor-element-2a090dd elementor-widget elementor-widget-text-editor\" data-id=\"2a090dd\" data-element_type=\"widget\" data-e-type=\"widget\" data-widget_type=\"text-editor.default\">\n\t\t\t\t<div class=\"elementor-widget-container\">\n\t\t\t\t\t\t\t\t\t<p>Nos deux salles priv\u00e9es sont sp\u00e9cialement am\u00e9nag\u00e9es pour offrir un environnement \u00e9l\u00e9gant et confortable, id\u00e9al pour les r\u00e9unions d&rsquo;affaires, les d\u00e9jeuners de travail ou les d\u00eeners priv\u00e9s. Chaque salle peut confortablement accueillir jusqu&rsquo;\u00e0 16 invit\u00e9s, permettant des interactions plus personnalis\u00e9es et intimes. Le design raffin\u00e9 de nos espaces, associ\u00e9 \u00e0 notre service attentionn\u00e9, cr\u00e9e une atmosph\u00e8re chaleureuse et accueillante. Si vous avez des besoins sp\u00e9cifiques ou des demandes particuli\u00e8res, notre \u00e9quipe est \u00e0 votre disposition pour les r\u00e9aliser. Pour r\u00e9server une de ces salles ou pour obtenir plus d&rsquo;informations, contactez-nous directement.<\/p>\t\t\t\t\t\t\t\t<\/div>\n\t\t\t\t<\/div>\n\t\t\t\t<div class=\"elementor-element elementor-element-5a2d6cb elementor-icon-list--layout-traditional elementor-list-item-link-full_width elementor-widget elementor-widget-icon-list\" data-id=\"5a2d6cb\" data-element_type=\"widget\" data-e-type=\"widget\" data-widget_type=\"icon-list.default\">\n\t\t\t\t<div class=\"elementor-widget-container\">\n\t\t\t\t\t\t\t<ul class=\"elementor-icon-list-items\">\n\t\t\t\t\t\t\t<li class=\"elementor-icon-list-item\">\n\t\t\t\t\t\t\t\t\t\t\t<span class=\"elementor-icon-list-icon\">\n\t\t\t\t\t\t\t<svg aria-hidden=\"true\" class=\"e-font-icon-svg e-fas-utensils\" viewBox=\"0 0 416 512\" xmlns=\"http:\/\/www.w3.org\/2000\/svg\"><path d=\"M207.9 15.2c.8 4.7 16.1 94.5 16.1 128.8 0 52.3-27.8 89.6-68.9 104.6L168 486.7c.7 13.7-10.2 25.3-24 25.3H80c-13.7 0-24.7-11.5-24-25.3l12.9-238.1C27.7 233.6 0 196.2 0 144 0 109.6 15.3 19.9 16.1 15.2 19.3-5.1 61.4-5.4 64 16.3v141.2c1.3 3.4 15.1 3.2 16 0 1.4-25.3 7.9-139.2 8-141.8 3.3-20.8 44.7-20.8 47.9 0 .2 2.7 6.6 116.5 8 141.8.9 3.2 14.8 3.4 16 0V16.3c2.6-21.6 44.8-21.4 48-1.1zm119.2 285.7l-15 185.1c-1.2 14 9.9 26 23.9 26h56c13.3 0 24-10.7 24-24V24c0-13.2-10.7-24-24-24-82.5 0-221.4 178.5-64.9 300.9z\"><\/path><\/svg>\t\t\t\t\t\t<\/span>\n\t\t\t\t\t\t\t\t\t\t<span class=\"elementor-icon-list-text\">Jusqu'\u00e0 32 couverts<\/span>\n\t\t\t\t\t\t\t\t\t<\/li>\n\t\t\t\t\t\t\t\t<li class=\"elementor-icon-list-item\">\n\t\t\t\t\t\t\t\t\t\t\t<span class=\"elementor-icon-list-icon\">\n\t\t\t\t\t\t\t<svg aria-hidden=\"true\" class=\"e-font-icon-svg e-fas-glass-martini-alt\" viewBox=\"0 0 512 512\" xmlns=\"http:\/\/www.w3.org\/2000\/svg\"><path d=\"M502.05 57.6C523.3 36.34 508.25 0 478.2 0H33.8C3.75 0-11.3 36.34 9.95 57.6L224 271.64V464h-56c-22.09 0-40 17.91-40 40 0 4.42 3.58 8 8 8h240c4.42 0 8-3.58 8-8 0-22.09-17.91-40-40-40h-56V271.64L502.05 57.6zM443.77 48l-48 48H116.24l-48-48h375.53z\"><\/path><\/svg>\t\t\t\t\t\t<\/span>\n\t\t\t\t\t\t\t\t\t\t<span class=\"elementor-icon-list-text\">Diners priv\u00e9s<\/span>\n\t\t\t\t\t\t\t\t\t<\/li>\n\t\t\t\t\t\t<\/ul>\n\t\t\t\t\t\t<\/div>\n\t\t\t\t<\/div>\n\t\t\t\t<div class=\"elementor-element elementor-element-efe3eeb elementor-widget__width-auto elementor-mobile-align-justify elementor-widget-mobile__width-inherit elementor-widget elementor-widget-button\" data-id=\"efe3eeb\" data-element_type=\"widget\" data-e-type=\"widget\" data-widget_type=\"button.default\">\n\t\t\t\t<div class=\"elementor-widget-container\">\n\t\t\t\t\t\t\t\t\t<div class=\"elementor-button-wrapper\">\n\t\t\t\t\t<a class=\"elementor-button elementor-button-link elementor-size-sm\" href=\"\/fr\/contact\/\">\n\t\t\t\t\t\t<span class=\"elementor-button-content-wrapper\">\n\t\t\t\t\t\t\t\t\t<span class=\"elementor-button-text\">R\u00e9servez votre salon priv\u00e9<\/span>\n\t\t\t\t\t<\/span>\n\t\t\t\t\t<\/a>\n\t\t\t\t<\/div>\n\t\t\t\t\t\t\t\t<\/div>\n\t\t\t\t<\/div>\n\t\t\t\t\t<\/div>\n\t\t<\/div>\n\t\t\t\t\t<\/div>\n\t\t<\/section>\n\t\t\t\t<\/div>\n\t\t","protected":false},"excerpt":{"rendered":"<p>R\u00e9unions ou Banquets Salon priv\u00e9 Steak House 2 Salons priv\u00e9s Si vous souhaitez organiser un \u00e9v\u00e9nement \u00e0 Meet Meat, nous nous occuperons de vous ! R\u00e9servez le salon priv\u00e9 Votre occasion sp\u00e9ciale \u00c9v\u00e9nements sur mesure Vous envisagez d&rsquo;organiser un \u00e9v\u00e9nement chez Meet Meat ? Nous sommes l\u00e0 pour vous accompagner dans la planification et la [&hellip;]<\/p>\n","protected":false},"author":1,"featured_media":0,"parent":0,"menu_order":0,"comment_status":"closed","ping_status":"closed","template":"elementor_header_footer","meta":{"_acf_changed":false,"inline_featured_image":false,"footnotes":""},"class_list":["post-788","page","type-page","status-publish","hentry"],"acf":[],"yoast_head":"<!-- This site is optimized with the Yoast SEO plugin v27.5 - https:\/\/yoast.com\/product\/yoast-seo-wordpress\/ -->\n<title>Salon priv\u00e9 - Diner priv\u00e9 - Meet Meat<\/title>\n<meta name=\"description\" content=\"Vous envisagez d&#039;organiser un d\u00eener priv\u00e9 \u00e0 Meet Meat ? Nous sommes l\u00e0 pour vous aider \u00e0 planifier et ex\u00e9cuter votre r\u00e9union, soir\u00e9e ou c\u00e9l\u00e9bration.\" \/>\n<meta name=\"robots\" content=\"noindex, follow, max-snippet:-1, max-image-preview:large, max-video-preview:-1\" \/>\n<meta property=\"og:locale\" content=\"fr_FR\" \/>\n<meta property=\"og:type\" content=\"article\" \/>\n<meta property=\"og:title\" content=\"Salon priv\u00e9 - Diner priv\u00e9 - Meet Meat\" \/>\n<meta property=\"og:description\" content=\"Vous envisagez d&#039;organiser un d\u00eener priv\u00e9 \u00e0 Meet Meat ? Nous sommes l\u00e0 pour vous aider \u00e0 planifier et ex\u00e9cuter votre r\u00e9union, soir\u00e9e ou c\u00e9l\u00e9bration.\" \/>\n<meta property=\"og:url\" content=\"https:\/\/staging.meetmeat.be\/fr\/salon-prive\/\" \/>\n<meta property=\"og:site_name\" content=\"Meet Meat\" \/>\n<meta property=\"article:modified_time\" content=\"2024-05-13T22:14:31+00:00\" \/>\n<meta property=\"og:image\" content=\"https:\/\/staging.meetmeat.be\/wp-content\/uploads\/elementor\/thumbs\/mm_240424-11-qn6u2v89u3d2oycu8asacunqic3mulwpxmaoumyao8.jpg\" \/>\n<meta name=\"twitter:card\" content=\"summary_large_image\" \/>\n<meta name=\"twitter:label1\" content=\"Dur\u00e9e de lecture estim\u00e9e\" \/>\n\t<meta name=\"twitter:data1\" content=\"2 minutes\" \/>\n<script type=\"application\/ld+json\" class=\"yoast-schema-graph\">{\"@context\":\"https:\\\/\\\/schema.org\",\"@graph\":[{\"@type\":\"WebPage\",\"@id\":\"https:\\\/\\\/staging.meetmeat.be\\\/fr\\\/salon-prive\\\/\",\"url\":\"https:\\\/\\\/staging.meetmeat.be\\\/fr\\\/salon-prive\\\/\",\"name\":\"Salon priv\u00e9 - Diner priv\u00e9 - Meet Meat\",\"isPartOf\":{\"@id\":\"https:\\\/\\\/staging.meetmeat.be\\\/#website\"},\"primaryImageOfPage\":{\"@id\":\"https:\\\/\\\/staging.meetmeat.be\\\/fr\\\/salon-prive\\\/#primaryimage\"},\"image\":{\"@id\":\"https:\\\/\\\/staging.meetmeat.be\\\/fr\\\/salon-prive\\\/#primaryimage\"},\"thumbnailUrl\":\"https:\\\/\\\/staging.meetmeat.be\\\/wp-content\\\/uploads\\\/elementor\\\/thumbs\\\/mm_240424-11-qn6u2v89u3d2oycu8asacunqic3mulwpxmaoumyao8.jpg\",\"datePublished\":\"2024-04-24T06:12:18+00:00\",\"dateModified\":\"2024-05-13T22:14:31+00:00\",\"description\":\"Vous envisagez d'organiser un d\u00eener priv\u00e9 \u00e0 Meet Meat ? Nous sommes l\u00e0 pour vous aider \u00e0 planifier et ex\u00e9cuter votre r\u00e9union, soir\u00e9e ou c\u00e9l\u00e9bration.\",\"breadcrumb\":{\"@id\":\"https:\\\/\\\/staging.meetmeat.be\\\/fr\\\/salon-prive\\\/#breadcrumb\"},\"inLanguage\":\"fr-FR\",\"potentialAction\":[{\"@type\":\"ReadAction\",\"target\":[\"https:\\\/\\\/staging.meetmeat.be\\\/fr\\\/salon-prive\\\/\"]}]},{\"@type\":\"ImageObject\",\"inLanguage\":\"fr-FR\",\"@id\":\"https:\\\/\\\/staging.meetmeat.be\\\/fr\\\/salon-prive\\\/#primaryimage\",\"url\":\"https:\\\/\\\/staging.meetmeat.be\\\/wp-content\\\/uploads\\\/elementor\\\/thumbs\\\/mm_240424-11-qn6u2v89u3d2oycu8asacunqic3mulwpxmaoumyao8.jpg\",\"contentUrl\":\"https:\\\/\\\/staging.meetmeat.be\\\/wp-content\\\/uploads\\\/elementor\\\/thumbs\\\/mm_240424-11-qn6u2v89u3d2oycu8asacunqic3mulwpxmaoumyao8.jpg\"},{\"@type\":\"BreadcrumbList\",\"@id\":\"https:\\\/\\\/staging.meetmeat.be\\\/fr\\\/salon-prive\\\/#breadcrumb\",\"itemListElement\":[{\"@type\":\"ListItem\",\"position\":1,\"name\":\"Home\",\"item\":\"https:\\\/\\\/staging.meetmeat.be\\\/fr\\\/\"},{\"@type\":\"ListItem\",\"position\":2,\"name\":\"Salon priv\u00e9 &#8211; Diner priv\u00e9\"}]},{\"@type\":\"WebSite\",\"@id\":\"https:\\\/\\\/staging.meetmeat.be\\\/#website\",\"url\":\"https:\\\/\\\/staging.meetmeat.be\\\/\",\"name\":\"Meet Meat\",\"description\":\"Steak and Wine House\",\"potentialAction\":[{\"@type\":\"SearchAction\",\"target\":{\"@type\":\"EntryPoint\",\"urlTemplate\":\"https:\\\/\\\/staging.meetmeat.be\\\/?s={search_term_string}\"},\"query-input\":{\"@type\":\"PropertyValueSpecification\",\"valueRequired\":true,\"valueName\":\"search_term_string\"}}],\"inLanguage\":\"fr-FR\"}]}<\/script>\n<!-- \/ Yoast SEO plugin. -->","yoast_head_json":{"title":"Salon priv\u00e9 - Diner priv\u00e9 - Meet Meat","description":"Vous envisagez d'organiser un d\u00eener priv\u00e9 \u00e0 Meet Meat ? Nous sommes l\u00e0 pour vous aider \u00e0 planifier et ex\u00e9cuter votre r\u00e9union, soir\u00e9e ou c\u00e9l\u00e9bration.","robots":{"index":"noindex","follow":"follow","max-snippet":"max-snippet:-1","max-image-preview":"max-image-preview:large","max-video-preview":"max-video-preview:-1"},"og_locale":"fr_FR","og_type":"article","og_title":"Salon priv\u00e9 - Diner priv\u00e9 - Meet Meat","og_description":"Vous envisagez d'organiser un d\u00eener priv\u00e9 \u00e0 Meet Meat ? Nous sommes l\u00e0 pour vous aider \u00e0 planifier et ex\u00e9cuter votre r\u00e9union, soir\u00e9e ou c\u00e9l\u00e9bration.","og_url":"https:\/\/staging.meetmeat.be\/fr\/salon-prive\/","og_site_name":"Meet Meat","article_modified_time":"2024-05-13T22:14:31+00:00","og_image":[{"url":"https:\/\/staging.meetmeat.be\/wp-content\/uploads\/elementor\/thumbs\/mm_240424-11-qn6u2v89u3d2oycu8asacunqic3mulwpxmaoumyao8.jpg","type":"","width":"","height":""}],"twitter_card":"summary_large_image","twitter_misc":{"Dur\u00e9e de lecture estim\u00e9e":"2 minutes"},"schema":{"@context":"https:\/\/schema.org","@graph":[{"@type":"WebPage","@id":"https:\/\/staging.meetmeat.be\/fr\/salon-prive\/","url":"https:\/\/staging.meetmeat.be\/fr\/salon-prive\/","name":"Salon priv\u00e9 - Diner priv\u00e9 - Meet Meat","isPartOf":{"@id":"https:\/\/staging.meetmeat.be\/#website"},"primaryImageOfPage":{"@id":"https:\/\/staging.meetmeat.be\/fr\/salon-prive\/#primaryimage"},"image":{"@id":"https:\/\/staging.meetmeat.be\/fr\/salon-prive\/#primaryimage"},"thumbnailUrl":"https:\/\/staging.meetmeat.be\/wp-content\/uploads\/elementor\/thumbs\/mm_240424-11-qn6u2v89u3d2oycu8asacunqic3mulwpxmaoumyao8.jpg","datePublished":"2024-04-24T06:12:18+00:00","dateModified":"2024-05-13T22:14:31+00:00","description":"Vous envisagez d'organiser un d\u00eener priv\u00e9 \u00e0 Meet Meat ? Nous sommes l\u00e0 pour vous aider \u00e0 planifier et ex\u00e9cuter votre r\u00e9union, soir\u00e9e ou c\u00e9l\u00e9bration.","breadcrumb":{"@id":"https:\/\/staging.meetmeat.be\/fr\/salon-prive\/#breadcrumb"},"inLanguage":"fr-FR","potentialAction":[{"@type":"ReadAction","target":["https:\/\/staging.meetmeat.be\/fr\/salon-prive\/"]}]},{"@type":"ImageObject","inLanguage":"fr-FR","@id":"https:\/\/staging.meetmeat.be\/fr\/salon-prive\/#primaryimage","url":"https:\/\/staging.meetmeat.be\/wp-content\/uploads\/elementor\/thumbs\/mm_240424-11-qn6u2v89u3d2oycu8asacunqic3mulwpxmaoumyao8.jpg","contentUrl":"https:\/\/staging.meetmeat.be\/wp-content\/uploads\/elementor\/thumbs\/mm_240424-11-qn6u2v89u3d2oycu8asacunqic3mulwpxmaoumyao8.jpg"},{"@type":"BreadcrumbList","@id":"https:\/\/staging.meetmeat.be\/fr\/salon-prive\/#breadcrumb","itemListElement":[{"@type":"ListItem","position":1,"name":"Home","item":"https:\/\/staging.meetmeat.be\/fr\/"},{"@type":"ListItem","position":2,"name":"Salon priv\u00e9 &#8211; Diner priv\u00e9"}]},{"@type":"WebSite","@id":"https:\/\/staging.meetmeat.be\/#website","url":"https:\/\/staging.meetmeat.be\/","name":"Meet Meat","description":"Steak and Wine House","potentialAction":[{"@type":"SearchAction","target":{"@type":"EntryPoint","urlTemplate":"https:\/\/staging.meetmeat.be\/?s={search_term_string}"},"query-input":{"@type":"PropertyValueSpecification","valueRequired":true,"valueName":"search_term_string"}}],"inLanguage":"fr-FR"}]}},"_links":{"self":[{"href":"https:\/\/staging.meetmeat.be\/fr\/wp-json\/wp\/v2\/pages\/788","targetHints":{"allow":["GET"]}}],"collection":[{"href":"https:\/\/staging.meetmeat.be\/fr\/wp-json\/wp\/v2\/pages"}],"about":[{"href":"https:\/\/staging.meetmeat.be\/fr\/wp-json\/wp\/v2\/types\/page"}],"author":[{"embeddable":true,"href":"https:\/\/staging.meetmeat.be\/fr\/wp-json\/wp\/v2\/users\/1"}],"replies":[{"embeddable":true,"href":"https:\/\/staging.meetmeat.be\/fr\/wp-json\/wp\/v2\/comments?post=788"}],"version-history":[{"count":11,"href":"https:\/\/staging.meetmeat.be\/fr\/wp-json\/wp\/v2\/pages\/788\/revisions"}],"predecessor-version":[{"id":1106,"href":"https:\/\/staging.meetmeat.be\/fr\/wp-json\/wp\/v2\/pages\/788\/revisions\/1106"}],"wp:attachment":[{"href":"https:\/\/staging.meetmeat.be\/fr\/wp-json\/wp\/v2\/media?parent=788"}],"curies":[{"name":"wp","href":"https:\/\/api.w.org\/{rel}","templated":true}]}}