{"id":751,"date":"2024-04-24T10:01:34","date_gmt":"2024-04-24T08:01:34","guid":{"rendered":"https:\/\/staging.meetmeat.be\/book-a-table\/"},"modified":"2026-05-05T00:23:37","modified_gmt":"2026-05-04T22:23:37","slug":"reservation","status":"publish","type":"page","link":"https:\/\/staging.meetmeat.be\/fr\/reservation\/","title":{"rendered":"R\u00e9servez une table"},"content":{"rendered":"\t\t<div data-elementor-type=\"wp-page\" data-elementor-id=\"751\" class=\"elementor elementor-751 elementor-438\" data-elementor-settings=\"{&quot;ha_cmc_init_switcher&quot;:&quot;no&quot;}\" data-elementor-post-type=\"page\">\n\t\t\t\t\t\t<section class=\"elementor-section elementor-top-section elementor-element elementor-element-2496211 elementor-section-full_width elementor-section-height-default elementor-section-height-default\" data-id=\"2496211\" data-element_type=\"section\" data-e-type=\"section\" data-settings=\"{&quot;background_background&quot;:&quot;classic&quot;,&quot;_ha_eqh_enable&quot;:false}\">\n\t\t\t\t\t\t\t<div class=\"elementor-background-overlay\"><\/div>\n\t\t\t\t\t\t\t<div class=\"elementor-container elementor-column-gap-default\">\n\t\t\t\t\t<div class=\"elementor-column elementor-col-100 elementor-top-column elementor-element elementor-element-3c6ff8b0\" data-id=\"3c6ff8b0\" data-element_type=\"column\" data-e-type=\"column\">\n\t\t\t<div class=\"elementor-widget-wrap elementor-element-populated\">\n\t\t\t\t\t\t<div class=\"elementor-element elementor-element-791a467 home-title elementor-widget elementor-widget-heading\" data-id=\"791a467\" data-element_type=\"widget\" data-e-type=\"widget\" data-widget_type=\"heading.default\">\n\t\t\t\t<div class=\"elementor-widget-container\">\n\t\t\t\t\t<h6 class=\"elementor-heading-title elementor-size-default\">D\u00e9gustez d'excellentes viandes<\/h6>\t\t\t\t<\/div>\n\t\t\t\t<\/div>\n\t\t\t\t<div class=\"elementor-element elementor-element-40dd13ad elementor-widget elementor-widget-heading\" data-id=\"40dd13ad\" data-element_type=\"widget\" data-e-type=\"widget\" data-widget_type=\"heading.default\">\n\t\t\t\t<div class=\"elementor-widget-container\">\n\t\t\t\t\t<h1 class=\"elementor-heading-title elementor-size-default\">R\u00e9servez une table<\/h1>\t\t\t\t<\/div>\n\t\t\t\t<\/div>\n\t\t\t\t\t<\/div>\n\t\t<\/div>\n\t\t\t\t\t<\/div>\n\t\t<\/section>\n\t\t\t\t<section class=\"elementor-section elementor-top-section elementor-element elementor-element-52da8c2 elementor-section-boxed elementor-section-height-default elementor-section-height-default\" data-id=\"52da8c2\" data-element_type=\"section\" data-e-type=\"section\" data-settings=\"{&quot;_ha_eqh_enable&quot;:false}\">\n\t\t\t\t\t\t<div class=\"elementor-container elementor-column-gap-default\">\n\t\t\t\t\t<div class=\"elementor-column elementor-col-100 elementor-top-column elementor-element elementor-element-c48bd35\" data-id=\"c48bd35\" data-element_type=\"column\" data-e-type=\"column\">\n\t\t\t<div class=\"elementor-widget-wrap elementor-element-populated\">\n\t\t\t\t\t\t<div class=\"elementor-element elementor-element-ae92805 elementor-widget elementor-widget-heading\" data-id=\"ae92805\" data-element_type=\"widget\" data-e-type=\"widget\" data-widget_type=\"heading.default\">\n\t\t\t\t<div class=\"elementor-widget-container\">\n\t\t\t\t\t<h2 class=\"elementor-heading-title elementor-size-default\">R\u00e9servez votre table d\u00e8s maintenant<\/h2>\t\t\t\t<\/div>\n\t\t\t\t<\/div>\n\t\t\t\t<div class=\"elementor-element elementor-element-f98b41c elementor-widget elementor-widget-shortcode\" data-id=\"f98b41c\" data-element_type=\"widget\" data-e-type=\"widget\" data-widget_type=\"shortcode.default\">\n\t\t\t\t<div class=\"elementor-widget-container\">\n\t\t\t\t\t\t\t<div class=\"elementor-shortcode\"><div class=\"wpc-reservation-form-root\" data-component=\"wpc-reservation-form\"\n    data-date-selector=\"calendar\"\n    data-reservation-style=\"style-1\"\n    data-form-display-type=\"wizard\"\n    data-image-link=\"\">\n    \n<\/div>\n<\/div>\n\t\t\t\t\t\t<\/div>\n\t\t\t\t<\/div>\n\t\t\t\t\t<\/div>\n\t\t<\/div>\n\t\t\t\t\t<\/div>\n\t\t<\/section>\n\t\t\t\t<section class=\"elementor-section elementor-top-section elementor-element elementor-element-63cd1e7 elementor-section-boxed elementor-section-height-default elementor-section-height-default\" data-id=\"63cd1e7\" data-element_type=\"section\" data-e-type=\"section\" data-settings=\"{&quot;_ha_eqh_enable&quot;:false}\">\n\t\t\t\t\t\t<div class=\"elementor-container elementor-column-gap-default\">\n\t\t\t\t\t<div class=\"elementor-column elementor-col-50 elementor-top-column elementor-element elementor-element-dbf1269\" data-id=\"dbf1269\" data-element_type=\"column\" data-e-type=\"column\">\n\t\t\t<div class=\"elementor-widget-wrap elementor-element-populated\">\n\t\t\t\t\t\t<div class=\"elementor-element elementor-element-4048636 elementor-widget elementor-widget-image\" data-id=\"4048636\" data-element_type=\"widget\" data-e-type=\"widget\" data-widget_type=\"image.default\">\n\t\t\t\t<div class=\"elementor-widget-container\">\n\t\t\t\t\t\t\t\t\t\t\t\t\t\t\t<img decoding=\"async\" src=\"https:\/\/staging.meetmeat.be\/wp-content\/uploads\/elementor\/thumbs\/meet_meat-44-qn3bg9i8vez8hrzd9tgdv76chkvkjgkhuml0om1f2g.jpg\" title=\"meet_meat-44\" alt=\"meet_meat-44\" loading=\"lazy\" \/>\t\t\t\t\t\t\t\t\t\t\t\t\t\t\t<\/div>\n\t\t\t\t<\/div>\n\t\t\t\t\t<\/div>\n\t\t<\/div>\n\t\t\t\t<div class=\"elementor-column elementor-col-50 elementor-top-column elementor-element elementor-element-780dc32\" data-id=\"780dc32\" data-element_type=\"column\" data-e-type=\"column\">\n\t\t\t<div class=\"elementor-widget-wrap elementor-element-populated\">\n\t\t\t\t\t\t<div class=\"elementor-element elementor-element-798c38c elementor-widget elementor-widget-heading\" data-id=\"798c38c\" data-element_type=\"widget\" data-e-type=\"widget\" data-widget_type=\"heading.default\">\n\t\t\t\t<div class=\"elementor-widget-container\">\n\t\t\t\t\t<h6 class=\"elementor-heading-title elementor-size-default\">Enchant\u00e9 de vous rencontrer<\/h6>\t\t\t\t<\/div>\n\t\t\t\t<\/div>\n\t\t\t\t<div class=\"elementor-element elementor-element-bad65d7 elementor-widget elementor-widget-heading\" data-id=\"bad65d7\" data-element_type=\"widget\" data-e-type=\"widget\" data-widget_type=\"heading.default\">\n\t\t\t\t<div class=\"elementor-widget-container\">\n\t\t\t\t\t<h2 class=\"elementor-heading-title elementor-size-default\">R\u00e9servation : Ce que vous devez savoir<\/h2>\t\t\t\t<\/div>\n\t\t\t\t<\/div>\n\t\t\t\t<div class=\"elementor-element elementor-element-2a090dd elementor-widget elementor-widget-text-editor\" data-id=\"2a090dd\" data-element_type=\"widget\" data-e-type=\"widget\" data-widget_type=\"text-editor.default\">\n\t\t\t\t<div class=\"elementor-widget-container\">\n\t\t\t\t\t\t\t\t\t<p class=\"p1\"><span class=\"s1\">Il est tr\u00e8s facile de r\u00e9server une table \u00e0 Meet Meat.  <\/span>Nous vous recommandons vivement de r\u00e9server votre table au moins 12 heures \u00e0 l&rsquo;avance sur cette page Internet.  <\/p><p class=\"p1\">Cela vous permettra de profiter pleinement de votre repas.  <\/p><p class=\"p1\"><span class=\"s1\"><b>Pour les GROUPES de 9 personnes ou plus <\/b>, veuillez nous envoyer un courriel \u00e0 <a href=\"mailto:schuman@meetmeat.be\">schuman@meetmeat.be<\/a> ou envisager notre <a href=\"https:\/\/staging.meetmeat.be\/fr\/salon-prive\/\">salle priv\u00e9e <\/a>. <\/span><span style=\"color: black;\">Cela nous permet de nous assurer que nous pouvons fournir le meilleur service pour votre groupe.<\/span><\/p><p class=\"p1\"><span class=\"s1\"><strong>Pour une r\u00e9servation le jour m\u00eame ou \u00e0 la derni\u00e8re minute<\/strong>, veuillez nous appeler au <a href=\"tel:+3222310742\">+32 (0)2 231 07 42.<\/a><\/span><\/p><p>Repas en plein air : par beau temps, nous servons le d\u00e9jeuner et le d\u00eener dans le jardin ; toutefois, nous ne pouvons pas garantir l&rsquo;attribution de places \u00e0 l&rsquo;ext\u00e9rieur. Les cat\u00e9gories de tables (2, 3, 4 ou plus) sont attribu\u00e9es selon le principe du premier arriv\u00e9, premier servi. <\/p><p>Sans r\u00e9servation, nous vous accueillerons et ferons de notre mieux pour vous trouver une table. Cependant, il se peut que nous ne puissions pas vous accueillir car notre \u00e9tablissement peut \u00eatre tr\u00e8s fr\u00e9quent\u00e9. <\/p>\t\t\t\t\t\t\t\t<\/div>\n\t\t\t\t<\/div>\n\t\t\t\t\t<\/div>\n\t\t<\/div>\n\t\t\t\t\t<\/div>\n\t\t<\/section>\n\t\t\t\t<\/div>\n\t\t","protected":false},"excerpt":{"rendered":"<p>D\u00e9gustez d&rsquo;excellentes viandes R\u00e9servez une table R\u00e9servez votre table d\u00e8s maintenant Enchant\u00e9 de vous rencontrer R\u00e9servation : Ce que vous devez savoir Il est tr\u00e8s facile de r\u00e9server une table \u00e0 Meet Meat. Nous vous recommandons vivement de r\u00e9server votre table au moins 12 heures \u00e0 l&rsquo;avance sur cette page Internet. Cela vous permettra de [&hellip;]<\/p>\n","protected":false},"author":1,"featured_media":703,"parent":0,"menu_order":0,"comment_status":"closed","ping_status":"closed","template":"elementor_header_footer","meta":{"_acf_changed":false,"inline_featured_image":false,"footnotes":""},"class_list":["post-751","page","type-page","status-publish","has-post-thumbnail","hentry"],"acf":[],"yoast_head":"<!-- This site is optimized with the Yoast SEO plugin v27.5 - https:\/\/yoast.com\/product\/yoast-seo-wordpress\/ -->\n<title>R\u00e9servez une table en ligne sur le site Meet Meat Schuman.<\/title>\n<meta name=\"description\" content=\"R\u00e9servez une table en ligne \u00e0 Meet Meat Schuman et d\u00e9gustez de merveilleuses viandes. Nous vous le confirmerons !\" \/>\n<meta name=\"robots\" content=\"noindex, follow, max-snippet:-1, max-image-preview:large, max-video-preview:-1\" \/>\n<meta property=\"og:locale\" content=\"fr_FR\" \/>\n<meta property=\"og:type\" content=\"article\" \/>\n<meta property=\"og:title\" content=\"R\u00e9servez une table en ligne sur le site Meet Meat Schuman.\" \/>\n<meta property=\"og:description\" content=\"R\u00e9servez une table en ligne \u00e0 Meet Meat Schuman et d\u00e9gustez de merveilleuses viandes. Nous vous le confirmerons !\" \/>\n<meta property=\"og:url\" content=\"https:\/\/staging.meetmeat.be\/fr\/reservation\/\" \/>\n<meta property=\"og:site_name\" content=\"Meet Meat\" \/>\n<meta property=\"article:modified_time\" content=\"2026-05-04T22:23:37+00:00\" \/>\n<meta property=\"og:image\" content=\"https:\/\/staging.meetmeat.be\/wp-content\/uploads\/2024\/04\/meet_meat-73.jpg\" \/>\n\t<meta property=\"og:image:width\" content=\"2000\" \/>\n\t<meta property=\"og:image:height\" content=\"1331\" \/>\n\t<meta property=\"og:image:type\" content=\"image\/jpeg\" \/>\n<meta name=\"twitter:card\" content=\"summary_large_image\" \/>\n<meta name=\"twitter:label1\" content=\"Dur\u00e9e de lecture estim\u00e9e\" \/>\n\t<meta name=\"twitter:data1\" content=\"1 minute\" \/>\n<script type=\"application\/ld+json\" class=\"yoast-schema-graph\">{\"@context\":\"https:\\\/\\\/schema.org\",\"@graph\":[{\"@type\":\"WebPage\",\"@id\":\"https:\\\/\\\/staging.meetmeat.be\\\/fr\\\/reservation\\\/\",\"url\":\"https:\\\/\\\/staging.meetmeat.be\\\/fr\\\/reservation\\\/\",\"name\":\"R\u00e9servez une table en ligne sur le site Meet Meat Schuman.\",\"isPartOf\":{\"@id\":\"https:\\\/\\\/staging.meetmeat.be\\\/#website\"},\"primaryImageOfPage\":{\"@id\":\"https:\\\/\\\/staging.meetmeat.be\\\/fr\\\/reservation\\\/#primaryimage\"},\"image\":{\"@id\":\"https:\\\/\\\/staging.meetmeat.be\\\/fr\\\/reservation\\\/#primaryimage\"},\"thumbnailUrl\":\"https:\\\/\\\/staging.meetmeat.be\\\/wp-content\\\/uploads\\\/2024\\\/04\\\/meet_meat-73.jpg\",\"datePublished\":\"2024-04-24T08:01:34+00:00\",\"dateModified\":\"2026-05-04T22:23:37+00:00\",\"description\":\"R\u00e9servez une table en ligne \u00e0 Meet Meat Schuman et d\u00e9gustez de merveilleuses viandes. Nous vous le confirmerons !\",\"breadcrumb\":{\"@id\":\"https:\\\/\\\/staging.meetmeat.be\\\/fr\\\/reservation\\\/#breadcrumb\"},\"inLanguage\":\"fr-FR\",\"potentialAction\":[{\"@type\":\"ReadAction\",\"target\":[\"https:\\\/\\\/staging.meetmeat.be\\\/fr\\\/reservation\\\/\"]}]},{\"@type\":\"ImageObject\",\"inLanguage\":\"fr-FR\",\"@id\":\"https:\\\/\\\/staging.meetmeat.be\\\/fr\\\/reservation\\\/#primaryimage\",\"url\":\"https:\\\/\\\/staging.meetmeat.be\\\/wp-content\\\/uploads\\\/2024\\\/04\\\/meet_meat-73.jpg\",\"contentUrl\":\"https:\\\/\\\/staging.meetmeat.be\\\/wp-content\\\/uploads\\\/2024\\\/04\\\/meet_meat-73.jpg\",\"width\":2000,\"height\":1331},{\"@type\":\"BreadcrumbList\",\"@id\":\"https:\\\/\\\/staging.meetmeat.be\\\/fr\\\/reservation\\\/#breadcrumb\",\"itemListElement\":[{\"@type\":\"ListItem\",\"position\":1,\"name\":\"Home\",\"item\":\"https:\\\/\\\/staging.meetmeat.be\\\/fr\\\/\"},{\"@type\":\"ListItem\",\"position\":2,\"name\":\"R\u00e9servez une table\"}]},{\"@type\":\"WebSite\",\"@id\":\"https:\\\/\\\/staging.meetmeat.be\\\/#website\",\"url\":\"https:\\\/\\\/staging.meetmeat.be\\\/\",\"name\":\"Meet Meat\",\"description\":\"Steak and Wine House\",\"potentialAction\":[{\"@type\":\"SearchAction\",\"target\":{\"@type\":\"EntryPoint\",\"urlTemplate\":\"https:\\\/\\\/staging.meetmeat.be\\\/?s={search_term_string}\"},\"query-input\":{\"@type\":\"PropertyValueSpecification\",\"valueRequired\":true,\"valueName\":\"search_term_string\"}}],\"inLanguage\":\"fr-FR\"}]}<\/script>\n<!-- \/ Yoast SEO plugin. -->","yoast_head_json":{"title":"R\u00e9servez une table en ligne sur le site Meet Meat Schuman.","description":"R\u00e9servez une table en ligne \u00e0 Meet Meat Schuman et d\u00e9gustez de merveilleuses viandes. Nous vous le confirmerons !","robots":{"index":"noindex","follow":"follow","max-snippet":"max-snippet:-1","max-image-preview":"max-image-preview:large","max-video-preview":"max-video-preview:-1"},"og_locale":"fr_FR","og_type":"article","og_title":"R\u00e9servez une table en ligne sur le site Meet Meat Schuman.","og_description":"R\u00e9servez une table en ligne \u00e0 Meet Meat Schuman et d\u00e9gustez de merveilleuses viandes. Nous vous le confirmerons !","og_url":"https:\/\/staging.meetmeat.be\/fr\/reservation\/","og_site_name":"Meet Meat","article_modified_time":"2026-05-04T22:23:37+00:00","og_image":[{"width":2000,"height":1331,"url":"https:\/\/staging.meetmeat.be\/wp-content\/uploads\/2024\/04\/meet_meat-73.jpg","type":"image\/jpeg"}],"twitter_card":"summary_large_image","twitter_misc":{"Dur\u00e9e de lecture estim\u00e9e":"1 minute"},"schema":{"@context":"https:\/\/schema.org","@graph":[{"@type":"WebPage","@id":"https:\/\/staging.meetmeat.be\/fr\/reservation\/","url":"https:\/\/staging.meetmeat.be\/fr\/reservation\/","name":"R\u00e9servez une table en ligne sur le site Meet Meat Schuman.","isPartOf":{"@id":"https:\/\/staging.meetmeat.be\/#website"},"primaryImageOfPage":{"@id":"https:\/\/staging.meetmeat.be\/fr\/reservation\/#primaryimage"},"image":{"@id":"https:\/\/staging.meetmeat.be\/fr\/reservation\/#primaryimage"},"thumbnailUrl":"https:\/\/staging.meetmeat.be\/wp-content\/uploads\/2024\/04\/meet_meat-73.jpg","datePublished":"2024-04-24T08:01:34+00:00","dateModified":"2026-05-04T22:23:37+00:00","description":"R\u00e9servez une table en ligne \u00e0 Meet Meat Schuman et d\u00e9gustez de merveilleuses viandes. Nous vous le confirmerons !","breadcrumb":{"@id":"https:\/\/staging.meetmeat.be\/fr\/reservation\/#breadcrumb"},"inLanguage":"fr-FR","potentialAction":[{"@type":"ReadAction","target":["https:\/\/staging.meetmeat.be\/fr\/reservation\/"]}]},{"@type":"ImageObject","inLanguage":"fr-FR","@id":"https:\/\/staging.meetmeat.be\/fr\/reservation\/#primaryimage","url":"https:\/\/staging.meetmeat.be\/wp-content\/uploads\/2024\/04\/meet_meat-73.jpg","contentUrl":"https:\/\/staging.meetmeat.be\/wp-content\/uploads\/2024\/04\/meet_meat-73.jpg","width":2000,"height":1331},{"@type":"BreadcrumbList","@id":"https:\/\/staging.meetmeat.be\/fr\/reservation\/#breadcrumb","itemListElement":[{"@type":"ListItem","position":1,"name":"Home","item":"https:\/\/staging.meetmeat.be\/fr\/"},{"@type":"ListItem","position":2,"name":"R\u00e9servez une table"}]},{"@type":"WebSite","@id":"https:\/\/staging.meetmeat.be\/#website","url":"https:\/\/staging.meetmeat.be\/","name":"Meet Meat","description":"Steak and Wine House","potentialAction":[{"@type":"SearchAction","target":{"@type":"EntryPoint","urlTemplate":"https:\/\/staging.meetmeat.be\/?s={search_term_string}"},"query-input":{"@type":"PropertyValueSpecification","valueRequired":true,"valueName":"search_term_string"}}],"inLanguage":"fr-FR"}]}},"_links":{"self":[{"href":"https:\/\/staging.meetmeat.be\/fr\/wp-json\/wp\/v2\/pages\/751","targetHints":{"allow":["GET"]}}],"collection":[{"href":"https:\/\/staging.meetmeat.be\/fr\/wp-json\/wp\/v2\/pages"}],"about":[{"href":"https:\/\/staging.meetmeat.be\/fr\/wp-json\/wp\/v2\/types\/page"}],"author":[{"embeddable":true,"href":"https:\/\/staging.meetmeat.be\/fr\/wp-json\/wp\/v2\/users\/1"}],"replies":[{"embeddable":true,"href":"https:\/\/staging.meetmeat.be\/fr\/wp-json\/wp\/v2\/comments?post=751"}],"version-history":[{"count":9,"href":"https:\/\/staging.meetmeat.be\/fr\/wp-json\/wp\/v2\/pages\/751\/revisions"}],"predecessor-version":[{"id":1219,"href":"https:\/\/staging.meetmeat.be\/fr\/wp-json\/wp\/v2\/pages\/751\/revisions\/1219"}],"wp:featuredmedia":[{"embeddable":true,"href":"https:\/\/staging.meetmeat.be\/fr\/wp-json\/wp\/v2\/media\/703"}],"wp:attachment":[{"href":"https:\/\/staging.meetmeat.be\/fr\/wp-json\/wp\/v2\/media?parent=751"}],"curies":[{"name":"wp","href":"https:\/\/api.w.org\/{rel}","templated":true}]}}